{"id":290,"date":"2026-01-28T18:54:48","date_gmt":"2026-01-28T18:54:48","guid":{"rendered":"https:\/\/www.seaside-imports.com\/about\/"},"modified":"2026-02-08T20:48:23","modified_gmt":"2026-02-08T20:48:23","slug":"about","status":"publish","type":"page","link":"https:\/\/www.seaside-imports.com\/fr\/about\/","title":{"rendered":"About"},"content":{"rendered":"\n<div class=\"wp-block-uagb-container uagb-layout-grid uagb-block-60f464b0 alignfull uagb-is-root-container\"><div class=\"uagb-container-inner-blocks-wrap\">      \n\t\t\t<div class=\"uagb-icon-wrapper uagb-block-337c2941      \"\n\t\t\tstyle=\"\" >\n\t\t\t\t\t\t\t\t\t<span class=\"uagb-svg-wrapper\" \n\t\t\t\t\t aria-label=\"chevron-down\"\t\t\t\t\ttabindex=\"0\">\t\t\n\t\t\t\t\t\t\t\t\t\t<svg xmlns=\"https:\/\/www.w3.org\/2000\/svg\" viewBox= \"0 0 448 512\" role=\"graphics-symbol\" aria-hidden=\"false\" aria-label=\"\"><path d=\"M224 416c-8.188 0-16.38-3.125-22.62-9.375l-192-192c-12.5-12.5-12.5-32.75 0-45.25s32.75-12.5 45.25 0L224 338.8l169.4-169.4c12.5-12.5 32.75-12.5 45.25 0s12.5 32.75 0 45.25l-192 192C240.4 412.9 232.2 416 224 416z\"><\/path><\/svg>\n\t\t\t\t\t\t\t\t\t<\/span>\n\t\t\t\t\t\t\t<\/div>\n\t\t\t\n\n\n<div class=\"wp-block-uagb-image uagb-block-58752c0c wp-block-uagb-image--layout-default wp-block-uagb-image--effect-static wp-block-uagb-image--align-none\"><figure class=\"wp-block-uagb-image__figure\"><img decoding=\"async\" srcset=\"https:\/\/www.seaside-imports.com\/wp-content\/uploads\/2024\/08\/about-img.jpg ,https:\/\/www.seaside-imports.com\/wp-content\/uploads\/2024\/08\/about-img.jpg 780w, https:\/\/www.seaside-imports.com\/wp-content\/uploads\/2024\/08\/about-img.jpg 360w\" sizes=\"auto, (max-width: 480px) 150px\" src=\"https:\/\/www.seaside-imports.com\/wp-content\/uploads\/2024\/08\/about-img.jpg\" alt=\"About Img\" class=\"uag-image-364\" width=\"304\" height=\"330\" title=\"about-img\" loading=\"lazy\" role=\"img\"><\/figure><\/div>\n\n\n\n<div class=\"wp-block-uagb-advanced-heading uagb-block-1a02e77d\"><h1 class=\"uagb-heading-text\">D\u00e9couvrez Seaside : Votre r\u00e9f\u00e9rence incontournable en produits alimentaires de qualit\u00e9<\/h1><\/div>\n<\/div><\/div>\n\n\n\n<div class=\"wp-block-uagb-container uagb-layout-grid uagb-block-8d60b172 alignfull uagb-is-root-container\"><div class=\"uagb-container-inner-blocks-wrap\">\n<div class=\"wp-block-uagb-separator uagb-block-f5959e00\"><div class=\"uagb-separator-spacing-wrapper\"><div class=\"wp-block-uagb-separator__inner\" style=\"--my-background-image:\"><\/div><\/div><\/div>\n\n\n\n<div class=\"wp-block-uagb-advanced-heading uagb-block-77d24e2b\"><h2 class=\"uagb-heading-text\">\u00c0 propos de notre entreprise innovante<\/h2><\/div>\n\n\n\n<div class=\"wp-block-uagb-container uagb-block-2fe8b1bc\">\n<div class=\"wp-block-uagb-advanced-heading uagb-block-10f5d053\"><p class=\"uagb-heading-text\">Seaside est une plateforme d\u2019information et de valorisation d\u00e9di\u00e9e aux produits alimentaires essentiels tels que le poisson, la viande et autres denr\u00e9es issues de fili\u00e8res s\u00e9lectionn\u00e9es avec soin. Notre objectif est de proposer des produits frais, fiables et tra\u00e7ables, r\u00e9pondant aux exigences du grand public comme des professionnels. <\/p><p class=\"uagb-desc-text\">\u00c0 travers Seaside, nous mettons en avant notre savoir-faire et notre engagement pour une alimentation saine, responsable et adapt\u00e9e aux besoins de nos clients et partenaires.                                          Nous accordons une importance particuli\u00e8re \u00e0 la qualit\u00e9 \u00e0 chaque \u00e9tape, depuis la s\u00e9lection des fournisseurs jusqu\u2019\u00e0 la pr\u00e9sentation des produits sur notre site vitrine. Transparence, respect des normes et information claire sont au c\u0153ur de notre d\u00e9marche.<\/p><\/div>\n\n\n\n<p>Seaside se veut un espace de confiance, o\u00f9 transparence, qualit\u00e9 et respect des normes occupent une place centrale, afin de promouvoir une alimentation saine, responsable et durable.<\/p>\n<\/div>\n<\/div><\/div>\n\n\n\n<div class=\"wp-block-uagb-container uagb-layout-grid uagb-block-cabc36b7 alignfull uagb-is-root-container\"><div class=\"uagb-container-inner-blocks-wrap\">      \n\t\t\t<div class=\"uagb-icon-wrapper uagb-block-be37fdd4      \"\n\t\t\tstyle=\"\" >\n\t\t\t\t\t\t\t\t\t<span class=\"uagb-svg-wrapper\" \n\t\t\t\t\t aria-label=\"chevron-right\"\t\t\t\t\ttabindex=\"0\">\t\t\n\t\t\t\t\t\t\t\t\t\t<svg xmlns=\"https:\/\/www.w3.org\/2000\/svg\" viewBox= \"0 0 320 512\" role=\"graphics-symbol\" aria-hidden=\"false\" aria-label=\"\"><path d=\"M96 480c-8.188 0-16.38-3.125-22.62-9.375c-12.5-12.5-12.5-32.75 0-45.25L242.8 256L73.38 86.63c-12.5-12.5-12.5-32.75 0-45.25s32.75-12.5 45.25 0l192 192c12.5 12.5 12.5 32.75 0 45.25l-192 192C112.4 476.9 104.2 480 96 480z\"><\/path><\/svg>\n\t\t\t\t\t\t\t\t\t<\/span>\n\t\t\t\t\t\t\t<\/div>\n\t\t\t\n\n\n<div class=\"wp-block-uagb-image uagb-block-00e2be4c wp-block-uagb-image--layout-default wp-block-uagb-image--effect-static wp-block-uagb-image--align-none uag-blocks-common-selector\" style=\"--z-index-desktop:1;;--z-index-tablet:1;;--z-index-mobile:undefined;\"><figure class=\"wp-block-uagb-image__figure\"><img decoding=\"async\" srcset=\"https:\/\/www.seaside-imports.com\/wp-content\/uploads\/2024\/08\/vision.jpg ,https:\/\/www.seaside-imports.com\/wp-content\/uploads\/2024\/08\/vision.jpg 780w, https:\/\/www.seaside-imports.com\/wp-content\/uploads\/2024\/08\/vision.jpg 360w\" sizes=\"auto, (max-width: 480px) 150px\" src=\"https:\/\/www.seaside-imports.com\/wp-content\/uploads\/2024\/08\/vision.jpg\" alt=\"Vision\" class=\"uag-image-459\" width=\"304\" height=\"405\" title=\"vision\" loading=\"lazy\" role=\"img\"><\/figure><\/div>\n\n\n\n<div class=\"wp-block-uagb-container uag-blocks-common-selector uagb-block-c7c59b2e\">\n<div class=\"wp-block-uagb-info-box uagb-block-cdce3f95 uagb-infobox__content-wrap  uagb-infobox-icon-above-title uagb-infobox-image-valign-top\"><div class=\"uagb-ifb-content\"><div class=\"uagb-ifb-icon-wrap\"><svg xmlns=\"https:\/\/www.w3.org\/2000\/svg\" viewBox=\"0 0 448 512\"><path d=\"M96 96C42.98 96 0 138.1 0 192s42.98 96 96 96c11.28 0 21.95-2.305 32-5.879V288c0 35.3-28.7 64-64 64c-17.67 0-32 14.33-32 32s14.33 32 32 32c70.58 0 128-57.42 128-128V192C192 138.1 149 96 96 96zM448 192c0-53.02-42.98-96-96-96s-96 42.98-96 96s42.98 96 96 96c11.28 0 21.95-2.305 32-5.879V288c0 35.3-28.7 64-64 64c-17.67 0-32 14.33-32 32s14.33 32 32 32c70.58 0 128-57.42 128-128V192z\"><\/path><\/svg><\/div><div class=\"uagb-ifb-title-wrap\"><h3 class=\"uagb-ifb-title\">Nous croyons en l&rsquo;excellence,la fra\u00eecheur et la transparence au coeur de nos produits comme garantissement de la satisfaction de nos clients.<\/h3><\/div><p class=\"uagb-ifb-desc\">Syndou kouyat\u00e9, directeur g\u00e9n\u00e9ral<\/p><\/div><\/div>\n<\/div>\n<\/div><\/div>\n\n\n\n<div class=\"wp-block-uagb-container uagb-layout-grid uagb-block-c64f81cf alignfull uagb-is-root-container\"><div class=\"uagb-container-inner-blocks-wrap\">\n<div class=\"wp-block-uagb-container uagb-layout-grid uagb-block-8722a718\">\n<div class=\"wp-block-uagb-separator uagb-block-40a1bc74\"><div class=\"uagb-separator-spacing-wrapper\"><div class=\"wp-block-uagb-separator__inner\" style=\"--my-background-image:\"><\/div><\/div><\/div>\n\n\n\n<div class=\"wp-block-uagb-advanced-heading uagb-block-9e8fb678\"><h2 class=\"uagb-heading-text\">Seaside vise \u00e0 transformer l&rsquo;acc\u00e8s au produits alimentaires, en mettant l&rsquo;accent sur la qualit\u00e9,la fra\u00eecheur et la satisfaction de ses clients.<\/h2><\/div>\n<\/div>\n\n\n\n<div class=\"wp-block-uagb-image alignleft uagb-block-c5348d81 wp-block-uagb-image--layout-default wp-block-uagb-image--effect-static wp-block-uagb-image--align-left\"><figure class=\"wp-block-uagb-image__figure\"><img decoding=\"async\" srcset=\"https:\/\/www.seaside-imports.com\/wp-content\/uploads\/2024\/08\/journey-01.jpg ,https:\/\/www.seaside-imports.com\/wp-content\/uploads\/2024\/08\/journey-01.jpg 780w, https:\/\/www.seaside-imports.com\/wp-content\/uploads\/2024\/08\/journey-01.jpg 360w\" sizes=\"auto, (max-width: 480px) 150px\" src=\"https:\/\/www.seaside-imports.com\/wp-content\/uploads\/2024\/08\/journey-01.jpg\" alt=\"Journey 01\" class=\"uag-image-465\" width=\"504\" height=\"500\" title=\"journey-01\" loading=\"lazy\" role=\"img\"><\/figure><\/div>\n<\/div><\/div>\n\n\n\n<div class=\"wp-block-uagb-container uagb-layout-grid uagb-block-807d08c9 alignfull uagb-is-root-container\"><div class=\"uagb-container-inner-blocks-wrap\">\n<div class=\"wp-block-uagb-container uagb-block-5443772e\">\n<div class=\"wp-block-uagb-image alignright uagb-block-58b67fa8 wp-block-uagb-image--layout-default wp-block-uagb-image--effect-static wp-block-uagb-image--align-right uag-blocks-common-selector\" style=\"--z-index-desktop:undefined;;--z-index-tablet:1;;--z-index-mobile:undefined;\"><figure class=\"wp-block-uagb-image__figure\"><img decoding=\"async\" srcset=\"https:\/\/www.seaside-imports.com\/wp-content\/uploads\/2024\/08\/journey-02.jpg ,https:\/\/www.seaside-imports.com\/wp-content\/uploads\/2024\/08\/journey-02.jpg 780w, https:\/\/www.seaside-imports.com\/wp-content\/uploads\/2024\/08\/journey-02.jpg 360w\" sizes=\"auto, (max-width: 480px) 150px\" src=\"https:\/\/www.seaside-imports.com\/wp-content\/uploads\/2024\/08\/journey-02.jpg\" alt=\"Journey 02\" class=\"uag-image-474\" width=\"504\" height=\"270\" title=\"journey-02\" loading=\"lazy\" role=\"img\"><\/figure><\/div>\n<\/div>\n\n\n\n<div class=\"wp-block-uagb-advanced-heading uagb-block-eb224300\"><h2 class=\"uagb-heading-text\">Notre parcours : De la s\u00e9lection \u00e0 l&rsquo;excellence alimentaire <\/h2><p class=\"uagb-desc-text\">Depuis sa cr\u00e9ation, Seaside a pour ambition de transformer l\u2019exp\u00e9rience d\u2019achat et de d\u00e9couverte de produits alimentaires de qualit\u00e9. Notre \u00e9quipe passionn\u00e9e s\u2019engage \u00e0 proposer des produits frais, tra\u00e7ables et soigneusement s\u00e9lectionn\u00e9s, alliant go\u00fbt, nutrition et s\u00e9curit\u00e9.<br>Gr\u00e2ce \u00e0 notre savoir-faire et \u00e0 notre rigueur, nous avons \u00e9tabli des partenariats solides avec des fournisseurs fiables et des professionnels de l\u2019alimentation, et nous continuons \u00e0 renforcer notre pr\u00e9sence aupr\u00e8s des consommateurs et des acteurs du march\u00e9, \u00e0 Abidjan et au-del\u00e0.<\/p><\/div>\n<\/div><\/div>\n\n\n\n<div class=\"wp-block-uagb-container uagb-layout-grid uagb-block-02c4e826 alignfull uagb-is-root-container\"><div class=\"uagb-container-inner-blocks-wrap\">      \n\t\t\t<div class=\"uagb-icon-wrapper uagb-block-35089def      \"\n\t\t\tstyle=\"\" >\n\t\t\t\t\t\t\t\t\t<span class=\"uagb-svg-wrapper\" \n\t\t\t\t\t aria-label=\"chevron-right\"\t\t\t\t\ttabindex=\"0\">\t\t\n\t\t\t\t\t\t\t\t\t\t<svg xmlns=\"https:\/\/www.w3.org\/2000\/svg\" viewBox= \"0 0 320 512\" role=\"graphics-symbol\" aria-hidden=\"false\" aria-label=\"\"><path d=\"M96 480c-8.188 0-16.38-3.125-22.62-9.375c-12.5-12.5-12.5-32.75 0-45.25L242.8 256L73.38 86.63c-12.5-12.5-12.5-32.75 0-45.25s32.75-12.5 45.25 0l192 192c12.5 12.5 12.5 32.75 0 45.25l-192 192C112.4 476.9 104.2 480 96 480z\"><\/path><\/svg>\n\t\t\t\t\t\t\t\t\t<\/span>\n\t\t\t\t\t\t\t<\/div>\n\t\t\t\n\n\n<div class=\"wp-block-uagb-container uagb-block-4e905271\">\n<div class=\"wp-block-uagb-info-box uagb-block-e4835e24 uagb-infobox__content-wrap  uagb-infobox-icon-above-title uagb-infobox-image-valign-top\"><div class=\"uagb-ifb-content\"><div class=\"uagb-ifb-title-wrap\"><p class=\"uagb-ifb-title-prefix\">Pr\u00eat \u00e0 Nous contacter ?<\/p><h2 class=\"uagb-ifb-title\">Transformez votre exp\u00e9rience alimentaire avec Seaside<\/h2><\/div><p class=\"uagb-ifb-desc\">Contactez-nous d\u00e8s aujourd&rsquo;hui pour explorer la s\u00e9lection de produits Seaside, soigneusement s\u00e9lectionn\u00e9s, et d\u00e9couvrir comment Seaside peut r\u00e9pondre \u00e0 vos besoins, que vous soyez particulier ou professionnel.<\/p><div class=\"uagb-ifb-button-wrapper wp-block-button\"><a href=\"\/contact\/\" class=\"uagb-infobox-cta-link wp-block-button__link\" target=\"_self\" rel=\"noopener noreferrer\" onclick=\"return true;\"><span class=\"uagb-inline-editing\">Contactez-nous maintenant !<\/span><\/a><\/div><\/div><\/div>\n<\/div>\n<\/div><\/div>\n","protected":false},"excerpt":{"rendered":"<p>D\u00e9couvrez Seaside : Votre r\u00e9f\u00e9rence incontournable en produits alimentaires de qualit\u00e9 \u00c0 propos de notre entreprise innovante Seaside est une [&hellip;]<\/p>\n","protected":false},"author":1,"featured_media":0,"parent":0,"menu_order":0,"comment_status":"closed","ping_status":"closed","template":"","meta":{"_uag_custom_page_level_css":"","site-sidebar-layout":"default","site-content-layout":"","ast-site-content-layout":"default","site-content-style":"default","site-sidebar-style":"default","ast-global-header-display":"","ast-banner-title-visibility":"","ast-main-header-display":"","ast-hfb-above-header-display":"","ast-hfb-below-header-display":"","ast-hfb-mobile-header-display":"","site-post-title":"disabled","ast-breadcrumbs-content":"","ast-featured-img":"","footer-sml-layout":"","ast-disable-related-posts":"","theme-transparent-header-meta":"enabled","adv-header-id-meta":"","stick-header-meta":"","header-above-stick-meta":"","header-main-stick-meta":"","header-below-stick-meta":"","astra-migrate-meta-layouts":"default","ast-page-background-enabled":"default","ast-page-background-meta":{"desktop":{"background-color":"var(--ast-global-color-4)","background-image":"","background-repeat":"repeat","background-position":"center center","background-size":"auto","background-attachment":"scroll","background-type":"","background-media":"","overlay-type":"","overlay-color":"","overlay-opacity":"","overlay-gradient":""},"tablet":{"background-color":"","background-image":"","background-repeat":"repeat","background-position":"center center","background-size":"auto","background-attachment":"scroll","background-type":"","background-media":"","overlay-type":"","overlay-color":"","overlay-opacity":"","overlay-gradient":""},"mobile":{"background-color":"","background-image":"","background-repeat":"repeat","background-position":"center center","background-size":"auto","background-attachment":"scroll","background-type":"","background-media":"","overlay-type":"","overlay-color":"","overlay-opacity":"","overlay-gradient":""}},"ast-content-background-meta":{"desktop":{"background-color":"var(--ast-global-color-5)","background-image":"","background-repeat":"repeat","background-position":"center center","background-size":"auto","background-attachment":"scroll","background-type":"","background-media":"","overlay-type":"","overlay-color":"","overlay-opacity":"","overlay-gradient":""},"tablet":{"background-color":"var(--ast-global-color-5)","background-image":"","background-repeat":"repeat","background-position":"center center","background-size":"auto","background-attachment":"scroll","background-type":"","background-media":"","overlay-type":"","overlay-color":"","overlay-opacity":"","overlay-gradient":""},"mobile":{"background-color":"var(--ast-global-color-5)","background-image":"","background-repeat":"repeat","background-position":"center center","background-size":"auto","background-attachment":"scroll","background-type":"","background-media":"","overlay-type":"","overlay-color":"","overlay-opacity":"","overlay-gradient":""}},"footnotes":""},"class_list":["post-290","page","type-page","status-publish","hentry"],"uagb_featured_image_src":{"full":false,"thumbnail":false,"medium":false,"medium_large":false,"large":false,"1536x1536":false,"2048x2048":false,"trp-custom-language-flag":false},"uagb_author_info":{"display_name":"synd_seaside","author_link":"https:\/\/www.seaside-imports.com\/fr\/author\/synd_seaside\/"},"uagb_comment_info":0,"uagb_excerpt":"D\u00e9couvrez Seaside : Votre r\u00e9f\u00e9rence incontournable en produits alimentaires de qualit\u00e9 \u00c0 propos de notre entreprise innovante Seaside est une [&hellip;]","_links":{"self":[{"href":"https:\/\/www.seaside-imports.com\/fr\/wp-json\/wp\/v2\/pages\/290","targetHints":{"allow":["GET"]}}],"collection":[{"href":"https:\/\/www.seaside-imports.com\/fr\/wp-json\/wp\/v2\/pages"}],"about":[{"href":"https:\/\/www.seaside-imports.com\/fr\/wp-json\/wp\/v2\/types\/page"}],"author":[{"embeddable":true,"href":"https:\/\/www.seaside-imports.com\/fr\/wp-json\/wp\/v2\/users\/1"}],"replies":[{"embeddable":true,"href":"https:\/\/www.seaside-imports.com\/fr\/wp-json\/wp\/v2\/comments?post=290"}],"version-history":[{"count":10,"href":"https:\/\/www.seaside-imports.com\/fr\/wp-json\/wp\/v2\/pages\/290\/revisions"}],"predecessor-version":[{"id":714,"href":"https:\/\/www.seaside-imports.com\/fr\/wp-json\/wp\/v2\/pages\/290\/revisions\/714"}],"wp:attachment":[{"href":"https:\/\/www.seaside-imports.com\/fr\/wp-json\/wp\/v2\/media?parent=290"}],"curies":[{"name":"wp","href":"https:\/\/api.w.org\/{rel}","templated":true}]}}