{"id":291,"date":"2026-01-28T18:54:48","date_gmt":"2026-01-28T18:54:48","guid":{"rendered":"https:\/\/www.seaside-imports.com\/services\/"},"modified":"2026-02-08T21:10:53","modified_gmt":"2026-02-08T21:10:53","slug":"produits","status":"publish","type":"page","link":"https:\/\/www.seaside-imports.com\/en\/produits\/","title":{"rendered":""},"content":{"rendered":"<div class=\"wp-block-uagb-container uagb-layout-grid uagb-block-60f464b0 alignfull uagb-is-root-container\"><div class=\"uagb-container-inner-blocks-wrap\">      \n\t\t\t<div class=\"uagb-icon-wrapper uagb-block-337c2941\"\n\t\t\tstyle=\"\" >\n\t\t\t\t\t\t\t\t\t<span class=\"uagb-svg-wrapper\" \n\t\t\t\t\t aria-label=\"chevron-down\"\t\t\t\t\ttabindex=\"0\">\t\t\n\t\t\t\t\t\t\t\t\t\t<svg xmlns=\"https:\/\/www.w3.org\/2000\/svg\" viewbox= \"0 0 448 512\" role=\"graphics-symbol\" aria-hidden=\"false\" aria-label=\"\"><path d=\"M224 416c-8.188 0-16.38-3.125-22.62-9.375l-192-192c-12.5-12.5-12.5-32.75 0-45.25s32.75-12.5 45.25 0L224 338.8l169.4-169.4c12.5-12.5 32.75-12.5 45.25 0s12.5 32.75 0 45.25l-192 192C240.4 412.9 232.2 416 224 416z\"><\/path><\/svg>\n\t\t\t\t\t\t\t\t\t<\/span>\n\t\t\t\t\t\t\t<\/div>\n\t\t\t\n\n\n<div class=\"wp-block-uagb-image uagb-block-58752c0c wp-block-uagb-image--layout-default wp-block-uagb-image--effect-static wp-block-uagb-image--align-none\"><figure class=\"wp-block-uagb-image__figure\"><img decoding=\"async\" srcset=\"https:\/\/www.seaside-imports.com\/wp-content\/uploads\/2024\/08\/services-img.jpg ,https:\/\/www.seaside-imports.com\/wp-content\/uploads\/2024\/08\/services-img.jpg 780w, https:\/\/www.seaside-imports.com\/wp-content\/uploads\/2024\/08\/services-img.jpg 360w\" sizes=\"auto, (max-width: 480px) 150px\" src=\"https:\/\/www.seaside-imports.com\/wp-content\/uploads\/2024\/08\/services-img.jpg\" alt=\"Services Img\" class=\"uag-image-365\" width=\"304\" height=\"330\" title=\"services-img\" loading=\"lazy\" role=\"img\"><\/figure><\/div>\n\n\n\n<div class=\"wp-block-uagb-advanced-heading uagb-block-14365051\"><h1 class=\"uagb-heading-text\">Discover Our Various Quality Products<\/h1><\/div>\n<\/div><\/div>\n\n\n\n<div class=\"wp-block-uagb-container uagb-block-4806a78e alignfull uagb-is-root-container\"><div class=\"uagb-container-inner-blocks-wrap\">\n<div class=\"wp-block-uagb-container uagb-layout-grid uagb-block-db7da9e9\">\n<div class=\"wp-block-uagb-separator uagb-block-f5959e00\"><div class=\"uagb-separator-spacing-wrapper\"><div class=\"wp-block-uagb-separator__inner\" style=\"--my-background-image:\"><\/div><\/div><\/div>\n\n\n\n<div class=\"wp-block-uagb-advanced-heading uagb-block-9f14b116\"><h2 class=\"uagb-heading-text\">\ud83d\udc1f FISH<\/h2><p class=\"uagb-desc-text\">We offer a selection of fish products, clearly presented with essential information about their nature, storage, and usage.<\/p><\/div>\n\n\n<\/div>\n\n\n\n\n\n<div class=\"wp-block-uagb-container uagb-layout-grid uagb-block-1e7d9701\">\n<div class=\"wp-block-uagb-separator uagb-block-fc6c7be0\"><div class=\"uagb-separator-spacing-wrapper\"><div class=\"wp-block-uagb-separator__inner\" style=\"--my-background-image:\"><\/div><\/div><\/div>\n\n\n\n<div class=\"wp-block-uagb-advanced-heading uagb-block-a9a04bad\"><h2 class=\"uagb-heading-text\">\ud83e\udd69MEAT<\/h2><p class=\"uagb-desc-text\">Seaside provides information on various types of meat, selected for their quality and compliance with current standards.<\/p><\/div>\n\n\n<\/div>\n\n\n\n<div class=\"wp-block-uagb-container uagb-layout-grid uagb-block-4e156311\">\n<div class=\"wp-block-uagb-separator uagb-block-9c659275\"><div class=\"uagb-separator-spacing-wrapper\"><div class=\"wp-block-uagb-separator__inner\" style=\"--my-background-image:\"><\/div><\/div><\/div>\n\n\n\n<div class=\"wp-block-uagb-advanced-heading uagb-block-c1076dea\"><h2 class=\"uagb-heading-text\">\ud83d\udce6OTHER PRODUCTS (coming soon)<\/h2><p class=\"uagb-desc-text\">This category will soon include additional products to expand our offerings and better meet our customers\u2019 needs.<\/p><\/div>\n\n\n<\/div>\n<\/div><\/div>\n\n\n\n<div class=\"wp-block-uagb-container uagb-layout-grid uagb-block-02c4e826 alignfull uagb-is-root-container\"><div class=\"uagb-container-inner-blocks-wrap\">      \n\t\t\t<div class=\"uagb-icon-wrapper uagb-block-35089def\"\n\t\t\tstyle=\"\" >\n\t\t\t\t\t\t\t\t\t<span class=\"uagb-svg-wrapper\" \n\t\t\t\t\t aria-label=\"chevron-right\"\t\t\t\t\ttabindex=\"0\">\t\t\n\t\t\t\t\t\t\t\t\t\t<svg xmlns=\"https:\/\/www.w3.org\/2000\/svg\" viewbox= \"0 0 320 512\" role=\"graphics-symbol\" aria-hidden=\"false\" aria-label=\"\"><path d=\"M96 480c-8.188 0-16.38-3.125-22.62-9.375c-12.5-12.5-12.5-32.75 0-45.25L242.8 256L73.38 86.63c-12.5-12.5-12.5-32.75 0-45.25s32.75-12.5 45.25 0l192 192c12.5 12.5 12.5 32.75 0 45.25l-192 192C112.4 476.9 104.2 480 96 480z\"><\/path><\/svg>\n\t\t\t\t\t\t\t\t\t<\/span>\n\t\t\t\t\t\t\t<\/div>\n\t\t\t\n\n\n<div class=\"wp-block-uagb-container uagb-block-4e905271\">\n<div class=\"wp-block-uagb-info-box uagb-block-e4835e24 uagb-infobox__content-wrap  uagb-infobox-icon-above-title uagb-infobox-image-valign-top\"><div class=\"uagb-ifb-content\"><div class=\"uagb-ifb-title-wrap\"><p class=\"uagb-ifb-title-prefix\">Ready to contact us ?<\/p><h2 class=\"uagb-ifb-title\">Transform your dining experience with Seaside<\/h2><\/div><p class=\"uagb-ifb-desc\">Contact us today to explore Seaside\u2019s carefully selected range of products and discover how Seaside can meet your needs, whether you are an individual or a professional.<\/p><div class=\"uagb-ifb-button-wrapper wp-block-button\"><a href=\"\/en\/contact\/\" class=\"uagb-infobox-cta-link wp-block-button__link\" target=\"_self\" rel=\"noopener noreferrer\" onclick=\"return true;\"><span class=\"uagb-inline-editing\">Contact us now !<\/span><\/a><\/div><\/div><\/div>\n<\/div>\n<\/div><\/div>","protected":false},"excerpt":{"rendered":"<p>D\u00e9couvrez Nos Diff\u00e9rents Produits De Qualit\u00e9 \ud83d\udc1f POISSON Nous proposons une s\u00e9lection de poissons soigneusement pr\u00e9sent\u00e9s, avec des informations essentielles [&hellip;]<\/p>","protected":false},"author":1,"featured_media":0,"parent":0,"menu_order":0,"comment_status":"closed","ping_status":"closed","template":"","meta":{"_uag_custom_page_level_css":"","site-sidebar-layout":"default","site-content-layout":"","ast-site-content-layout":"default","site-content-style":"default","site-sidebar-style":"default","ast-global-header-display":"","ast-banner-title-visibility":"","ast-main-header-display":"","ast-hfb-above-header-display":"","ast-hfb-below-header-display":"","ast-hfb-mobile-header-display":"","site-post-title":"","ast-breadcrumbs-content":"","ast-featured-img":"","footer-sml-layout":"","ast-disable-related-posts":"","theme-transparent-header-meta":"enabled","adv-header-id-meta":"","stick-header-meta":"","header-above-stick-meta":"","header-main-stick-meta":"","header-below-stick-meta":"","astra-migrate-meta-layouts":"default","ast-page-background-enabled":"default","ast-page-background-meta":{"desktop":{"background-color":"var(--ast-global-color-4)","background-image":"","background-repeat":"repeat","background-position":"center center","background-size":"auto","background-attachment":"scroll","background-type":"","background-media":"","overlay-type":"","overlay-color":"","overlay-opacity":"","overlay-gradient":""},"tablet":{"background-color":"","background-image":"","background-repeat":"repeat","background-position":"center center","background-size":"auto","background-attachment":"scroll","background-type":"","background-media":"","overlay-type":"","overlay-color":"","overlay-opacity":"","overlay-gradient":""},"mobile":{"background-color":"","background-image":"","background-repeat":"repeat","background-position":"center center","background-size":"auto","background-attachment":"scroll","background-type":"","background-media":"","overlay-type":"","overlay-color":"","overlay-opacity":"","overlay-gradient":""}},"ast-content-background-meta":{"desktop":{"background-color":"var(--ast-global-color-5)","background-image":"","background-repeat":"repeat","background-position":"center center","background-size":"auto","background-attachment":"scroll","background-type":"","background-media":"","overlay-type":"","overlay-color":"","overlay-opacity":"","overlay-gradient":""},"tablet":{"background-color":"var(--ast-global-color-5)","background-image":"","background-repeat":"repeat","background-position":"center center","background-size":"auto","background-attachment":"scroll","background-type":"","background-media":"","overlay-type":"","overlay-color":"","overlay-opacity":"","overlay-gradient":""},"mobile":{"background-color":"var(--ast-global-color-5)","background-image":"","background-repeat":"repeat","background-position":"center center","background-size":"auto","background-attachment":"scroll","background-type":"","background-media":"","overlay-type":"","overlay-color":"","overlay-opacity":"","overlay-gradient":""}},"footnotes":""},"class_list":["post-291","page","type-page","status-publish","hentry"],"uagb_featured_image_src":{"full":false,"thumbnail":false,"medium":false,"medium_large":false,"large":false,"1536x1536":false,"2048x2048":false,"trp-custom-language-flag":false},"uagb_author_info":{"display_name":"synd_seaside","author_link":"https:\/\/www.seaside-imports.com\/en\/author\/synd_seaside\/"},"uagb_comment_info":0,"uagb_excerpt":"D\u00e9couvrez Nos Diff\u00e9rents Produits De Qualit\u00e9 \ud83d\udc1f POISSON Nous proposons une s\u00e9lection de poissons soigneusement pr\u00e9sent\u00e9s, avec des informations essentielles [&hellip;]","_links":{"self":[{"href":"https:\/\/www.seaside-imports.com\/en\/wp-json\/wp\/v2\/pages\/291","targetHints":{"allow":["GET"]}}],"collection":[{"href":"https:\/\/www.seaside-imports.com\/en\/wp-json\/wp\/v2\/pages"}],"about":[{"href":"https:\/\/www.seaside-imports.com\/en\/wp-json\/wp\/v2\/types\/page"}],"author":[{"embeddable":true,"href":"https:\/\/www.seaside-imports.com\/en\/wp-json\/wp\/v2\/users\/1"}],"replies":[{"embeddable":true,"href":"https:\/\/www.seaside-imports.com\/en\/wp-json\/wp\/v2\/comments?post=291"}],"version-history":[{"count":10,"href":"https:\/\/www.seaside-imports.com\/en\/wp-json\/wp\/v2\/pages\/291\/revisions"}],"predecessor-version":[{"id":723,"href":"https:\/\/www.seaside-imports.com\/en\/wp-json\/wp\/v2\/pages\/291\/revisions\/723"}],"wp:attachment":[{"href":"https:\/\/www.seaside-imports.com\/en\/wp-json\/wp\/v2\/media?parent=291"}],"curies":[{"name":"wp","href":"https:\/\/api.w.org\/{rel}","templated":true}]}}