{"id":290,"date":"2026-01-28T18:54:48","date_gmt":"2026-01-28T18:54:48","guid":{"rendered":"https:\/\/www.seaside-imports.com\/about\/"},"modified":"2026-02-08T20:48:23","modified_gmt":"2026-02-08T20:48:23","slug":"about","status":"publish","type":"page","link":"https:\/\/www.seaside-imports.com\/en\/about\/","title":{"rendered":"About"},"content":{"rendered":"<div class=\"wp-block-uagb-container uagb-layout-grid uagb-block-60f464b0 alignfull uagb-is-root-container\"><div class=\"uagb-container-inner-blocks-wrap\">      \n\t\t\t<div class=\"uagb-icon-wrapper uagb-block-337c2941\"\n\t\t\tstyle=\"\" >\n\t\t\t\t\t\t\t\t\t<span class=\"uagb-svg-wrapper\" \n\t\t\t\t\t aria-label=\"chevron-down\"\t\t\t\t\ttabindex=\"0\">\t\t\n\t\t\t\t\t\t\t\t\t\t<svg xmlns=\"https:\/\/www.w3.org\/2000\/svg\" viewbox= \"0 0 448 512\" role=\"graphics-symbol\" aria-hidden=\"false\" aria-label=\"\"><path d=\"M224 416c-8.188 0-16.38-3.125-22.62-9.375l-192-192c-12.5-12.5-12.5-32.75 0-45.25s32.75-12.5 45.25 0L224 338.8l169.4-169.4c12.5-12.5 32.75-12.5 45.25 0s12.5 32.75 0 45.25l-192 192C240.4 412.9 232.2 416 224 416z\"><\/path><\/svg>\n\t\t\t\t\t\t\t\t\t<\/span>\n\t\t\t\t\t\t\t<\/div>\n\t\t\t\n\n\n<div class=\"wp-block-uagb-image uagb-block-58752c0c wp-block-uagb-image--layout-default wp-block-uagb-image--effect-static wp-block-uagb-image--align-none\"><figure class=\"wp-block-uagb-image__figure\"><img decoding=\"async\" srcset=\"https:\/\/www.seaside-imports.com\/wp-content\/uploads\/2024\/08\/about-img.jpg ,https:\/\/www.seaside-imports.com\/wp-content\/uploads\/2024\/08\/about-img.jpg 780w, https:\/\/www.seaside-imports.com\/wp-content\/uploads\/2024\/08\/about-img.jpg 360w\" sizes=\"auto, (max-width: 480px) 150px\" src=\"https:\/\/www.seaside-imports.com\/wp-content\/uploads\/2024\/08\/about-img.jpg\" alt=\"About Img\" class=\"uag-image-364\" width=\"304\" height=\"330\" title=\"about-img\" loading=\"lazy\" role=\"img\"><\/figure><\/div>\n\n\n\n<div class=\"wp-block-uagb-advanced-heading uagb-block-1a02e77d\"><h1 class=\"uagb-heading-text\">Discover Seaside : Your go-to source for quality food products<\/h1><\/div>\n<\/div><\/div>\n\n\n\n<div class=\"wp-block-uagb-container uagb-layout-grid uagb-block-8d60b172 alignfull uagb-is-root-container\"><div class=\"uagb-container-inner-blocks-wrap\">\n<div class=\"wp-block-uagb-separator uagb-block-f5959e00\"><div class=\"uagb-separator-spacing-wrapper\"><div class=\"wp-block-uagb-separator__inner\" style=\"--my-background-image:\"><\/div><\/div><\/div>\n\n\n\n<div class=\"wp-block-uagb-advanced-heading uagb-block-77d24e2b\"><h2 class=\"uagb-heading-text\">About our innovative company<\/h2><\/div>\n\n\n\n<div class=\"wp-block-uagb-container uagb-block-2fe8b1bc\">\n<div class=\"wp-block-uagb-advanced-heading uagb-block-10f5d053\"><p class=\"uagb-heading-text\">Seaside is an information and promotion platform dedicated to essential food products such as fish, meat, and other foodstuffs from carefully selected supply chains. Our goal is to offer fresh, reliable, and traceable products that meet the requirements of both the general public and professionals. <\/p><p class=\"uagb-desc-text\">Through Seaside, we showcase our expertise and commitment to healthy, responsible food tailored to the needs of our customers and partners. We place particular emphasis on quality at every stage, from supplier selection to product presentation on our website. Transparency, adherence to standards, and clear communication are central to our approach.<\/p><\/div>\n\n\n\n<p>Seaside aims to be a space of trust, where transparency, quality and respect for standards take center stage, in order to promote healthy, responsible and sustainable food.<\/p>\n<\/div>\n<\/div><\/div>\n\n\n\n<div class=\"wp-block-uagb-container uagb-layout-grid uagb-block-cabc36b7 alignfull uagb-is-root-container\"><div class=\"uagb-container-inner-blocks-wrap\">      \n\t\t\t<div class=\"uagb-icon-wrapper uagb-block-be37fdd4\"\n\t\t\tstyle=\"\" >\n\t\t\t\t\t\t\t\t\t<span class=\"uagb-svg-wrapper\" \n\t\t\t\t\t aria-label=\"chevron-right\"\t\t\t\t\ttabindex=\"0\">\t\t\n\t\t\t\t\t\t\t\t\t\t<svg xmlns=\"https:\/\/www.w3.org\/2000\/svg\" viewbox= \"0 0 320 512\" role=\"graphics-symbol\" aria-hidden=\"false\" aria-label=\"\"><path d=\"M96 480c-8.188 0-16.38-3.125-22.62-9.375c-12.5-12.5-12.5-32.75 0-45.25L242.8 256L73.38 86.63c-12.5-12.5-12.5-32.75 0-45.25s32.75-12.5 45.25 0l192 192c12.5 12.5 12.5 32.75 0 45.25l-192 192C112.4 476.9 104.2 480 96 480z\"><\/path><\/svg>\n\t\t\t\t\t\t\t\t\t<\/span>\n\t\t\t\t\t\t\t<\/div>\n\t\t\t\n\n\n<div class=\"wp-block-uagb-image uagb-block-00e2be4c wp-block-uagb-image--layout-default wp-block-uagb-image--effect-static wp-block-uagb-image--align-none uag-blocks-common-selector\" style=\"--z-index-desktop:1;;--z-index-tablet:1;;--z-index-mobile:undefined;\"><figure class=\"wp-block-uagb-image__figure\"><img decoding=\"async\" srcset=\"https:\/\/www.seaside-imports.com\/wp-content\/uploads\/2024\/08\/vision.jpg ,https:\/\/www.seaside-imports.com\/wp-content\/uploads\/2024\/08\/vision.jpg 780w, https:\/\/www.seaside-imports.com\/wp-content\/uploads\/2024\/08\/vision.jpg 360w\" sizes=\"auto, (max-width: 480px) 150px\" src=\"https:\/\/www.seaside-imports.com\/wp-content\/uploads\/2024\/08\/vision.jpg\" alt=\"Vision\" class=\"uag-image-459\" width=\"304\" height=\"405\" title=\"vision\" loading=\"lazy\" role=\"img\"><\/figure><\/div>\n\n\n\n<div class=\"wp-block-uagb-container uag-blocks-common-selector uagb-block-c7c59b2e\">\n<div class=\"wp-block-uagb-info-box uagb-block-cdce3f95 uagb-infobox__content-wrap  uagb-infobox-icon-above-title uagb-infobox-image-valign-top\"><div class=\"uagb-ifb-content\"><div class=\"uagb-ifb-icon-wrap\"><svg xmlns=\"https:\/\/www.w3.org\/2000\/svg\" viewbox=\"0 0 448 512\"><path d=\"M96 96C42.98 96 0 138.1 0 192s42.98 96 96 96c11.28 0 21.95-2.305 32-5.879V288c0 35.3-28.7 64-64 64c-17.67 0-32 14.33-32 32s14.33 32 32 32c70.58 0 128-57.42 128-128V192C192 138.1 149 96 96 96zM448 192c0-53.02-42.98-96-96-96s-96 42.98-96 96s42.98 96 96 96c11.28 0 21.95-2.305 32-5.879V288c0 35.3-28.7 64-64 64c-17.67 0-32 14.33-32 32s14.33 32 32 32c70.58 0 128-57.42 128-128V192z\"><\/path><\/svg><\/div><div class=\"uagb-ifb-title-wrap\"><h3 class=\"uagb-ifb-title\">We believe in excellence, freshness and transparency at the heart of our products as a guarantee of customer satisfaction.<\/h3><\/div><p class=\"uagb-ifb-desc\">Syndou Kouyat\u00e9, General Manager<\/p><\/div><\/div>\n<\/div>\n<\/div><\/div>\n\n\n\n<div class=\"wp-block-uagb-container uagb-layout-grid uagb-block-c64f81cf alignfull uagb-is-root-container\"><div class=\"uagb-container-inner-blocks-wrap\">\n<div class=\"wp-block-uagb-container uagb-layout-grid uagb-block-8722a718\">\n<div class=\"wp-block-uagb-separator uagb-block-40a1bc74\"><div class=\"uagb-separator-spacing-wrapper\"><div class=\"wp-block-uagb-separator__inner\" style=\"--my-background-image:\"><\/div><\/div><\/div>\n\n\n\n<div class=\"wp-block-uagb-advanced-heading uagb-block-9e8fb678\"><h2 class=\"uagb-heading-text\">Seaside aims to transform access to food products, with an emphasis on quality, freshness and customer satisfaction.<\/h2><\/div>\n<\/div>\n\n\n\n<div class=\"wp-block-uagb-image alignleft uagb-block-c5348d81 wp-block-uagb-image--layout-default wp-block-uagb-image--effect-static wp-block-uagb-image--align-left\"><figure class=\"wp-block-uagb-image__figure\"><img decoding=\"async\" srcset=\"https:\/\/www.seaside-imports.com\/wp-content\/uploads\/2024\/08\/journey-01.jpg ,https:\/\/www.seaside-imports.com\/wp-content\/uploads\/2024\/08\/journey-01.jpg 780w, https:\/\/www.seaside-imports.com\/wp-content\/uploads\/2024\/08\/journey-01.jpg 360w\" sizes=\"auto, (max-width: 480px) 150px\" src=\"https:\/\/www.seaside-imports.com\/wp-content\/uploads\/2024\/08\/journey-01.jpg\" alt=\"Journey 01\" class=\"uag-image-465\" width=\"504\" height=\"500\" title=\"journey-01\" loading=\"lazy\" role=\"img\"><\/figure><\/div>\n<\/div><\/div>\n\n\n\n<div class=\"wp-block-uagb-container uagb-layout-grid uagb-block-807d08c9 alignfull uagb-is-root-container\"><div class=\"uagb-container-inner-blocks-wrap\">\n<div class=\"wp-block-uagb-container uagb-block-5443772e\">\n<div class=\"wp-block-uagb-image alignright uagb-block-58b67fa8 wp-block-uagb-image--layout-default wp-block-uagb-image--effect-static wp-block-uagb-image--align-right uag-blocks-common-selector\" style=\"--z-index-desktop:undefined;;--z-index-tablet:1;;--z-index-mobile:undefined;\"><figure class=\"wp-block-uagb-image__figure\"><img decoding=\"async\" srcset=\"https:\/\/www.seaside-imports.com\/wp-content\/uploads\/2024\/08\/journey-02.jpg ,https:\/\/www.seaside-imports.com\/wp-content\/uploads\/2024\/08\/journey-02.jpg 780w, https:\/\/www.seaside-imports.com\/wp-content\/uploads\/2024\/08\/journey-02.jpg 360w\" sizes=\"auto, (max-width: 480px) 150px\" src=\"https:\/\/www.seaside-imports.com\/wp-content\/uploads\/2024\/08\/journey-02.jpg\" alt=\"Journey 02\" class=\"uag-image-474\" width=\"504\" height=\"270\" title=\"journey-02\" loading=\"lazy\" role=\"img\"><\/figure><\/div>\n<\/div>\n\n\n\n<div class=\"wp-block-uagb-advanced-heading uagb-block-eb224300\"><h2 class=\"uagb-heading-text\">Our journey: From selection to food excellence <\/h2><p class=\"uagb-desc-text\">Since its inception, Seaside's ambition has been to transform the experience of buying and discovering quality food products. Our passionate team is committed to offering fresh, traceable, and carefully selected products that combine taste, nutrition, and safety.<br>Thanks to our expertise and rigorous approach, we have established strong partnerships with reliable suppliers and food professionals, and we continue to strengthen our presence with consumers and market players, in Abidjan and beyond.<\/p><\/div>\n<\/div><\/div>\n\n\n\n<div class=\"wp-block-uagb-container uagb-layout-grid uagb-block-02c4e826 alignfull uagb-is-root-container\"><div class=\"uagb-container-inner-blocks-wrap\">      \n\t\t\t<div class=\"uagb-icon-wrapper uagb-block-35089def\"\n\t\t\tstyle=\"\" >\n\t\t\t\t\t\t\t\t\t<span class=\"uagb-svg-wrapper\" \n\t\t\t\t\t aria-label=\"chevron-right\"\t\t\t\t\ttabindex=\"0\">\t\t\n\t\t\t\t\t\t\t\t\t\t<svg xmlns=\"https:\/\/www.w3.org\/2000\/svg\" viewbox= \"0 0 320 512\" role=\"graphics-symbol\" aria-hidden=\"false\" aria-label=\"\"><path d=\"M96 480c-8.188 0-16.38-3.125-22.62-9.375c-12.5-12.5-12.5-32.75 0-45.25L242.8 256L73.38 86.63c-12.5-12.5-12.5-32.75 0-45.25s32.75-12.5 45.25 0l192 192c12.5 12.5 12.5 32.75 0 45.25l-192 192C112.4 476.9 104.2 480 96 480z\"><\/path><\/svg>\n\t\t\t\t\t\t\t\t\t<\/span>\n\t\t\t\t\t\t\t<\/div>\n\t\t\t\n\n\n<div class=\"wp-block-uagb-container uagb-block-4e905271\">\n<div class=\"wp-block-uagb-info-box uagb-block-e4835e24 uagb-infobox__content-wrap  uagb-infobox-icon-above-title uagb-infobox-image-valign-top\"><div class=\"uagb-ifb-content\"><div class=\"uagb-ifb-title-wrap\"><p class=\"uagb-ifb-title-prefix\">Ready to contact us ?<\/p><h2 class=\"uagb-ifb-title\">Transform your dining experience with Seaside<\/h2><\/div><p class=\"uagb-ifb-desc\">Contact us today to explore Seaside\u2019s carefully selected range of products and discover how Seaside can meet your needs, whether you are an individual or a professional.<\/p><div class=\"uagb-ifb-button-wrapper wp-block-button\"><a href=\"\/en\/contact\/\" class=\"uagb-infobox-cta-link wp-block-button__link\" target=\"_self\" rel=\"noopener noreferrer\" onclick=\"return true;\"><span class=\"uagb-inline-editing\">Contact us now !<\/span><\/a><\/div><\/div><\/div>\n<\/div>\n<\/div><\/div>","protected":false},"excerpt":{"rendered":"<p>D\u00e9couvrez Seaside : Votre r\u00e9f\u00e9rence incontournable en produits alimentaires de qualit\u00e9 \u00c0 propos de notre entreprise innovante Seaside est une [&hellip;]<\/p>","protected":false},"author":1,"featured_media":0,"parent":0,"menu_order":0,"comment_status":"closed","ping_status":"closed","template":"","meta":{"_uag_custom_page_level_css":"","site-sidebar-layout":"default","site-content-layout":"","ast-site-content-layout":"default","site-content-style":"default","site-sidebar-style":"default","ast-global-header-display":"","ast-banner-title-visibility":"","ast-main-header-display":"","ast-hfb-above-header-display":"","ast-hfb-below-header-display":"","ast-hfb-mobile-header-display":"","site-post-title":"disabled","ast-breadcrumbs-content":"","ast-featured-img":"","footer-sml-layout":"","ast-disable-related-posts":"","theme-transparent-header-meta":"enabled","adv-header-id-meta":"","stick-header-meta":"","header-above-stick-meta":"","header-main-stick-meta":"","header-below-stick-meta":"","astra-migrate-meta-layouts":"default","ast-page-background-enabled":"default","ast-page-background-meta":{"desktop":{"background-color":"var(--ast-global-color-4)","background-image":"","background-repeat":"repeat","background-position":"center center","background-size":"auto","background-attachment":"scroll","background-type":"","background-media":"","overlay-type":"","overlay-color":"","overlay-opacity":"","overlay-gradient":""},"tablet":{"background-color":"","background-image":"","background-repeat":"repeat","background-position":"center center","background-size":"auto","background-attachment":"scroll","background-type":"","background-media":"","overlay-type":"","overlay-color":"","overlay-opacity":"","overlay-gradient":""},"mobile":{"background-color":"","background-image":"","background-repeat":"repeat","background-position":"center center","background-size":"auto","background-attachment":"scroll","background-type":"","background-media":"","overlay-type":"","overlay-color":"","overlay-opacity":"","overlay-gradient":""}},"ast-content-background-meta":{"desktop":{"background-color":"var(--ast-global-color-5)","background-image":"","background-repeat":"repeat","background-position":"center center","background-size":"auto","background-attachment":"scroll","background-type":"","background-media":"","overlay-type":"","overlay-color":"","overlay-opacity":"","overlay-gradient":""},"tablet":{"background-color":"var(--ast-global-color-5)","background-image":"","background-repeat":"repeat","background-position":"center center","background-size":"auto","background-attachment":"scroll","background-type":"","background-media":"","overlay-type":"","overlay-color":"","overlay-opacity":"","overlay-gradient":""},"mobile":{"background-color":"var(--ast-global-color-5)","background-image":"","background-repeat":"repeat","background-position":"center center","background-size":"auto","background-attachment":"scroll","background-type":"","background-media":"","overlay-type":"","overlay-color":"","overlay-opacity":"","overlay-gradient":""}},"footnotes":""},"class_list":["post-290","page","type-page","status-publish","hentry"],"uagb_featured_image_src":{"full":false,"thumbnail":false,"medium":false,"medium_large":false,"large":false,"1536x1536":false,"2048x2048":false,"trp-custom-language-flag":false},"uagb_author_info":{"display_name":"synd_seaside","author_link":"https:\/\/www.seaside-imports.com\/en\/author\/synd_seaside\/"},"uagb_comment_info":0,"uagb_excerpt":"D\u00e9couvrez Seaside : Votre r\u00e9f\u00e9rence incontournable en produits alimentaires de qualit\u00e9 \u00c0 propos de notre entreprise innovante Seaside est une [&hellip;]","_links":{"self":[{"href":"https:\/\/www.seaside-imports.com\/en\/wp-json\/wp\/v2\/pages\/290","targetHints":{"allow":["GET"]}}],"collection":[{"href":"https:\/\/www.seaside-imports.com\/en\/wp-json\/wp\/v2\/pages"}],"about":[{"href":"https:\/\/www.seaside-imports.com\/en\/wp-json\/wp\/v2\/types\/page"}],"author":[{"embeddable":true,"href":"https:\/\/www.seaside-imports.com\/en\/wp-json\/wp\/v2\/users\/1"}],"replies":[{"embeddable":true,"href":"https:\/\/www.seaside-imports.com\/en\/wp-json\/wp\/v2\/comments?post=290"}],"version-history":[{"count":10,"href":"https:\/\/www.seaside-imports.com\/en\/wp-json\/wp\/v2\/pages\/290\/revisions"}],"predecessor-version":[{"id":714,"href":"https:\/\/www.seaside-imports.com\/en\/wp-json\/wp\/v2\/pages\/290\/revisions\/714"}],"wp:attachment":[{"href":"https:\/\/www.seaside-imports.com\/en\/wp-json\/wp\/v2\/media?parent=290"}],"curies":[{"name":"wp","href":"https:\/\/api.w.org\/{rel}","templated":true}]}}